{"id":1089,"date":"2013-01-09T18:52:49","date_gmt":"2013-01-09T17:52:49","guid":{"rendered":"http:\/\/vtt.webiik.cz\/?page_id=1089"},"modified":"2013-01-11T19:34:29","modified_gmt":"2013-01-11T18:34:29","slug":"soustredeni-2013","status":"publish","type":"page","link":"http:\/\/vtt.webiik.cz\/?page_id=1089","title":{"rendered":"Soust\u0159ed\u011bn\u00ed 2013"},"content":{"rendered":"<h2 style=\"text-align: center;\"><strong>Soust\u0159ed\u011bn\u00ed \u00a0prob\u011bhne 24. &#8211; 26. kv\u011btna 2013<\/strong><\/h2>\n<p style=\"text-align: center;\">Obec Karle u Svitav<\/p>\n<p><a href=\"http:\/\/www.svitavskoweb.cz\/index.php?obec=karle&amp;pg=76\" target=\"_blank\"><\/p>\n<p style=\"text-align: center;\">Sportovn\u00ed are\u00e1l obce Karle<\/p>\n<p><\/a><a href=\"http:\/\/mapy.cz\/s\/61Iw\" target=\"_blank\"><\/p>\n<p style=\"text-align: center;\">49\u00b045&#8217;50.397&#8243;N, 16\u00b022&#8217;6.144&#8243;E<\/p>\n<p><\/a><\/p>\n<p style=\"text-align: center;\"><a href=\"http:\/\/vtt.tym.cz\/wp-content\/gallery\/obrazky\/00.jpg\" target=\"_blank\">            \n\t\t<div class=\"ngg-gallery-singlepic-image ngg-center\" style=\"max-width: 320px\">\n\t\t\t    \t<a href=\"http:\/\/vtt.webiik.cz\/wp-content\/gallery\/obrazky\/00.jpg\"\n\t\t     title=\"\"\n             data-src=\"http:\/\/vtt.webiik.cz\/wp-content\/gallery\/obrazky\/00.jpg\"\n             data-thumbnail=\"http:\/\/vtt.webiik.cz\/wp-content\/gallery\/obrazky\/thumbs\/thumbs_00.jpg\"\n             data-image-id=\"682\"\n             data-title=\"00\"\n             data-description=\"\"\n             target='_self'\n             class=\"shutterset_1a037b4c63d96f5cb5fec9eb935dcb2f\">\n            <img class=\"ngg-singlepic\"\n             src=\"http:\/\/vtt.webiik.cz\/wp-content\/gallery\/obrazky\/cache\/00.jpg-nggid03682-ngg0dyn-320x240x100-00f0w010c010r110f110r010t010.jpg\"\n             alt=\"00\"\n             title=\"00\"\n              width=\"320\"               \/>\n    \t<\/a>\n\t\t      <\/div>\n        <\/a><\/p>\n<h3 style=\"text-align: center;\">Cena za osobu a v\u00edkend je stanovena na 500,-<\/h3>\n<p>V cen\u011b tentokr\u00e1t bude \u00fapln\u011b v\u0161e. Ubytov\u00e1n\u00ed na cel\u00fd v\u00edkend a n\u011bco k j\u00eddlu.\u00a0Zaji\u0161t\u011bna bude p\u00e1tek ve\u010de\u0159e, sobota sn\u00eddan\u011b, ob\u011bd a ve\u010de\u0159e, ned\u011ble sn\u00eddan\u011b a ob\u011bd, nealko pit\u00ed, k\u00e1va a drobn\u00e9 pochutiny.\u00a0Ur\u010dit\u011b bude nava\u0159ena \u010desne\u010dka.\u00a0Pivo bude k dispozici a bude takt\u00e9\u017e v cen\u011b.\u00a0Po lo\u0148sk\u00e9 zku\u0161enosti bude ur\u010dit\u011b v nemal\u00e9 m\u00ed\u0159e k dispozici zelenina v\u0161eho druhu kr\u00e1jen\u00e1 do v\u0161ech mo\u017en\u00fdch tvar\u016f. Samoz\u0159ejm\u011b takt\u00e9\u017e v cen\u011b.<br \/>\nAlkohol kdo si co doveze, proto\u017ee nev\u00edme co kdo bude cht\u00edt.<\/p>\n<p>Tak jako loni bude z\u00e1vaznou p\u0159ihl\u00e1\u0161kou na soust\u0159ed\u011bn\u00ed zaplacen\u00ed \u010d\u00e1stky 500,-<br \/>\n\u010c\u00edslo \u00fa\u010dtu: 2200222280 \/ 2010\u00a0 Do zpr\u00e1vy pro p\u0159\u00edjemce pi\u0161te p\u0159ezd\u00edvku ze hry.<br \/>\nJe mo\u017enost platby PaySec nebo PayPal po p\u0159edchoz\u00ed domluv\u011b.<\/p>\n<p>Ubytovac\u00ed kapacita je 15 osob na l\u016f\u017eku a d\u00e1le neomezen\u011b na karimatk\u00e1ch nebo na molitanu.<\/p>\n","protected":false},"excerpt":{"rendered":"<p>Soust\u0159ed\u011bn\u00ed \u00a0prob\u011bhne 24. &#8211; 26. kv\u011btna 2013 Obec Karle u Svitav Sportovn\u00ed are\u00e1l obce Karle 49\u00b045&#8217;50.397&#8243;N, 16\u00b022&#8217;6.144&#8243;E Cena za osobu a v\u00edkend je stanovena na 500,- V cen\u011b tentokr\u00e1t bude \u00fapln\u011b v\u0161e. Ubytov\u00e1n\u00ed na cel\u00fd v\u00edkend a n\u011bco k j\u00eddlu.\u00a0Zaji\u0161t\u011bna bude p\u00e1tek ve\u010de\u0159e, sobota sn\u00eddan\u011b, ob\u011bd a ve\u010de\u0159e, ned\u011ble sn\u00eddan\u011b a ob\u011bd, nealko pit\u00ed, k\u00e1va [&hellip;]<\/p>\n","protected":false},"author":1,"featured_media":0,"parent":0,"menu_order":0,"comment_status":"open","ping_status":"open","template":"","meta":{"ngg_post_thumbnail":0},"_links":{"self":[{"href":"http:\/\/vtt.webiik.cz\/index.php?rest_route=\/wp\/v2\/pages\/1089"}],"collection":[{"href":"http:\/\/vtt.webiik.cz\/index.php?rest_route=\/wp\/v2\/pages"}],"about":[{"href":"http:\/\/vtt.webiik.cz\/index.php?rest_route=\/wp\/v2\/types\/page"}],"author":[{"embeddable":true,"href":"http:\/\/vtt.webiik.cz\/index.php?rest_route=\/wp\/v2\/users\/1"}],"replies":[{"embeddable":true,"href":"http:\/\/vtt.webiik.cz\/index.php?rest_route=%2Fwp%2Fv2%2Fcomments&post=1089"}],"version-history":[{"count":11,"href":"http:\/\/vtt.webiik.cz\/index.php?rest_route=\/wp\/v2\/pages\/1089\/revisions"}],"predecessor-version":[{"id":1093,"href":"http:\/\/vtt.webiik.cz\/index.php?rest_route=\/wp\/v2\/pages\/1089\/revisions\/1093"}],"wp:attachment":[{"href":"http:\/\/vtt.webiik.cz\/index.php?rest_route=%2Fwp%2Fv2%2Fmedia&parent=1089"}],"curies":[{"name":"wp","href":"https:\/\/api.w.org\/{rel}","templated":true}]}}