{"id":1183,"date":"2014-03-10T09:38:47","date_gmt":"2014-03-10T08:38:47","guid":{"rendered":"http:\/\/vtt.webiik.cz\/?page_id=1183"},"modified":"2014-09-15T20:30:01","modified_gmt":"2014-09-15T18:30:01","slug":"sraz-vtt-2014","status":"publish","type":"page","link":"http:\/\/vtt.webiik.cz\/?page_id=1183","title":{"rendered":"Sraz VTT 2014"},"content":{"rendered":"<h3>Sraz VTT se bude konat o v\u00edkendu 26.-28.9.2014 ve sportovn\u00edm are\u00e1lu obce Karle.<\/h3>\n<p>Na \u010depu Poli\u010dka 11\u00b0<\/p>\n<p>\u00da\u010dastn\u00ed se:<\/p>\n<p>VTT Pijan + VTT Mazel<br \/>\nVTT Drakcz +1 a pes<br \/>\nVTT BOOS<br \/>\nVTT Ferdiik + Beru\u0161ka + M\u00e9\u010fa + \u00c1\u010fa<br \/>\nTHC Dawe +1<br \/>\nTHC Olik +1<\/p>\n<p>J\u00eddlo, pit\u00ed a v\u0161e pot\u0159ebn\u00e9 bude pro v\u0161echny zaji\u0161t\u011bno.<\/p>\n<p>Dotazy \u010di p\u0159ipom\u00ednky pi\u0161te tady nebo na skype.<\/p>\n<p>Ferdiik<\/p>\n<p><a href=\"http:\/\/mapy.cz\/s\/9oZ5\" target=\"_blank\">49\u00b045\u201950.397\u2033N, 16\u00b022\u20196.144\u2033E<\/a><\/p>\n","protected":false},"excerpt":{"rendered":"<p>Sraz VTT se bude konat o v\u00edkendu 26.-28.9.2014 ve sportovn\u00edm are\u00e1lu obce Karle. Na \u010depu Poli\u010dka 11\u00b0 \u00da\u010dastn\u00ed se: VTT Pijan + VTT Mazel VTT Drakcz +1 a pes VTT BOOS VTT Ferdiik + Beru\u0161ka + M\u00e9\u010fa + \u00c1\u010fa THC Dawe +1 THC Olik +1 J\u00eddlo, pit\u00ed a v\u0161e pot\u0159ebn\u00e9 bude pro v\u0161echny zaji\u0161t\u011bno. Dotazy [&hellip;]<\/p>\n","protected":false},"author":1,"featured_media":0,"parent":0,"menu_order":0,"comment_status":"open","ping_status":"open","template":"","meta":{"ngg_post_thumbnail":0},"_links":{"self":[{"href":"http:\/\/vtt.webiik.cz\/index.php?rest_route=\/wp\/v2\/pages\/1183"}],"collection":[{"href":"http:\/\/vtt.webiik.cz\/index.php?rest_route=\/wp\/v2\/pages"}],"about":[{"href":"http:\/\/vtt.webiik.cz\/index.php?rest_route=\/wp\/v2\/types\/page"}],"author":[{"embeddable":true,"href":"http:\/\/vtt.webiik.cz\/index.php?rest_route=\/wp\/v2\/users\/1"}],"replies":[{"embeddable":true,"href":"http:\/\/vtt.webiik.cz\/index.php?rest_route=%2Fwp%2Fv2%2Fcomments&post=1183"}],"version-history":[{"count":13,"href":"http:\/\/vtt.webiik.cz\/index.php?rest_route=\/wp\/v2\/pages\/1183\/revisions"}],"predecessor-version":[{"id":1218,"href":"http:\/\/vtt.webiik.cz\/index.php?rest_route=\/wp\/v2\/pages\/1183\/revisions\/1218"}],"wp:attachment":[{"href":"http:\/\/vtt.webiik.cz\/index.php?rest_route=%2Fwp%2Fv2%2Fmedia&parent=1183"}],"curies":[{"name":"wp","href":"https:\/\/api.w.org\/{rel}","templated":true}]}}