{"id":157,"date":"2009-11-08T09:08:24","date_gmt":"2009-11-08T08:08:24","guid":{"rendered":"http:\/\/vtt.tym.cz\/?page_id=157"},"modified":"2009-11-08T09:43:32","modified_gmt":"2009-11-08T08:43:32","slug":"cw-2009-11-01-screen","status":"publish","type":"page","link":"http:\/\/vtt.webiik.cz\/?page_id=157","title":{"rendered":"CW 01. 11. 2009"},"content":{"rendered":"<p>Turnaj &#8211; <span id=\"rbcSystemIdentifierLogo\">CMC &#8211; Czech Maniacs Cup<\/span>\u00a01. kolo<\/p>\n<p>V\u00fdsledek &#8211; VTT : Friends &#8211; <span style=\"color: #ff0000;\">33 : 42<\/span><\/p>\n<p>Syst\u00e9m &#8211; TA all vs all 6 min<\/p>\n<p>Tra\u0165 1 &#8211; <span style=\"color: #ff0000;\">6 : 9<\/span><br \/>\nTra\u0165 2 &#8211; <span style=\"color: #ff0000;\">3 : 12<\/span><br \/>\nTra\u0165 3 &#8211; <span style=\"color: #ff0000;\">6 : 9<\/span><br \/>\nTra\u0165 4 &#8211; <span style=\"color: #00ff00;\">9 : 6<\/span><br \/>\nTra\u0165 5 &#8211; <span style=\"color: #00ff00;\">9 : 6<\/span><\/p>\n<p>Jednotlivci:\u00a0\u00a0Janys &#8211; 16;\u00a0P\u00e1jja &#8211; 10;\u00a0Zdena &#8211; 6;\u00a0Rum74 &#8211; 1<\/p>\n<!-- index.php -->\n<div\n\tclass=\"ngg-galleryoverview ngg-ajax-pagination-none\"\n\tid=\"ngg-gallery-f885752508d1cc81a69ee10eaa303c5e-1\">\n\n    \t<div class=\"slideshowlink\">\n        <a href='http:\/\/vtt.webiik.cz\/index.php\/nggallery\/slideshow?page_id=157'>[Show as slideshow]<\/a>\n\t\t\n\t<\/div>\n\t\t\t<!-- Thumbnails -->\n\t\t\t\t<div id=\"ngg-image-0\" class=\"ngg-gallery-thumbnail-box\" >\n\t\t\t\t        <div class=\"ngg-gallery-thumbnail\">\n            <a href=\"http:\/\/vtt.webiik.cz\/wp-content\/gallery\/cw-2009-11-01-screen\/1.jpg\"\n               title=\"\"\n               data-src=\"http:\/\/vtt.webiik.cz\/wp-content\/gallery\/cw-2009-11-01-screen\/1.jpg\"\n               data-thumbnail=\"http:\/\/vtt.webiik.cz\/wp-content\/gallery\/cw-2009-11-01-screen\/thumbs\/thumbs_1.jpg\"\n               data-image-id=\"596\"\n               data-title=\"1\"\n               data-description=\"\"\n               data-image-slug=\"1\"\n               class=\"shutterset_f885752508d1cc81a69ee10eaa303c5e\">\n                <img\n                    title=\"1\"\n                    alt=\"1\"\n                    src=\"http:\/\/vtt.webiik.cz\/wp-content\/gallery\/cw-2009-11-01-screen\/thumbs\/thumbs_1.jpg\"\n                    width=\"100\"\n                    height=\"75\"\n                    style=\"max-width:100%;\"\n                \/>\n            <\/a>\n        <\/div>\n\t\t\t\t\t\t\t<\/div> \n\t\t\t\n        \n\t\t\t\t<div id=\"ngg-image-1\" class=\"ngg-gallery-thumbnail-box\" >\n\t\t\t\t        <div class=\"ngg-gallery-thumbnail\">\n            <a href=\"http:\/\/vtt.webiik.cz\/wp-content\/gallery\/cw-2009-11-01-screen\/2.jpg\"\n               title=\"\"\n               data-src=\"http:\/\/vtt.webiik.cz\/wp-content\/gallery\/cw-2009-11-01-screen\/2.jpg\"\n               data-thumbnail=\"http:\/\/vtt.webiik.cz\/wp-content\/gallery\/cw-2009-11-01-screen\/thumbs\/thumbs_2.jpg\"\n               data-image-id=\"597\"\n               data-title=\"2\"\n               data-description=\"\"\n               data-image-slug=\"2\"\n               class=\"shutterset_f885752508d1cc81a69ee10eaa303c5e\">\n                <img\n                    title=\"2\"\n                    alt=\"2\"\n                    src=\"http:\/\/vtt.webiik.cz\/wp-content\/gallery\/cw-2009-11-01-screen\/thumbs\/thumbs_2.jpg\"\n                    width=\"100\"\n                    height=\"75\"\n                    style=\"max-width:100%;\"\n                \/>\n            <\/a>\n        <\/div>\n\t\t\t\t\t\t\t<\/div> \n\t\t\t\n        \n\t\t\t\t<div id=\"ngg-image-2\" class=\"ngg-gallery-thumbnail-box\" >\n\t\t\t\t        <div class=\"ngg-gallery-thumbnail\">\n            <a href=\"http:\/\/vtt.webiik.cz\/wp-content\/gallery\/cw-2009-11-01-screen\/3.jpg\"\n               title=\"\"\n               data-src=\"http:\/\/vtt.webiik.cz\/wp-content\/gallery\/cw-2009-11-01-screen\/3.jpg\"\n               data-thumbnail=\"http:\/\/vtt.webiik.cz\/wp-content\/gallery\/cw-2009-11-01-screen\/thumbs\/thumbs_3.jpg\"\n               data-image-id=\"598\"\n               data-title=\"3\"\n               data-description=\"\"\n               data-image-slug=\"3\"\n               class=\"shutterset_f885752508d1cc81a69ee10eaa303c5e\">\n                <img\n                    title=\"3\"\n                    alt=\"3\"\n                    src=\"http:\/\/vtt.webiik.cz\/wp-content\/gallery\/cw-2009-11-01-screen\/thumbs\/thumbs_3.jpg\"\n                    width=\"100\"\n                    height=\"75\"\n                    style=\"max-width:100%;\"\n                \/>\n            <\/a>\n        <\/div>\n\t\t\t\t\t\t\t<\/div> \n\t\t\t\n        \n\t\t\t\t<div id=\"ngg-image-3\" class=\"ngg-gallery-thumbnail-box\" >\n\t\t\t\t        <div class=\"ngg-gallery-thumbnail\">\n            <a href=\"http:\/\/vtt.webiik.cz\/wp-content\/gallery\/cw-2009-11-01-screen\/4.jpg\"\n               title=\"\"\n               data-src=\"http:\/\/vtt.webiik.cz\/wp-content\/gallery\/cw-2009-11-01-screen\/4.jpg\"\n               data-thumbnail=\"http:\/\/vtt.webiik.cz\/wp-content\/gallery\/cw-2009-11-01-screen\/thumbs\/thumbs_4.jpg\"\n               data-image-id=\"599\"\n               data-title=\"4\"\n               data-description=\"\"\n               data-image-slug=\"4\"\n               class=\"shutterset_f885752508d1cc81a69ee10eaa303c5e\">\n                <img\n                    title=\"4\"\n                    alt=\"4\"\n                    src=\"http:\/\/vtt.webiik.cz\/wp-content\/gallery\/cw-2009-11-01-screen\/thumbs\/thumbs_4.jpg\"\n                    width=\"100\"\n                    height=\"75\"\n                    style=\"max-width:100%;\"\n                \/>\n            <\/a>\n        <\/div>\n\t\t\t\t\t\t\t<\/div> \n\t\t\t\n        \n\t\t\t\t<div id=\"ngg-image-4\" class=\"ngg-gallery-thumbnail-box\" >\n\t\t\t\t        <div class=\"ngg-gallery-thumbnail\">\n            <a href=\"http:\/\/vtt.webiik.cz\/wp-content\/gallery\/cw-2009-11-01-screen\/5.jpg\"\n               title=\"\"\n               data-src=\"http:\/\/vtt.webiik.cz\/wp-content\/gallery\/cw-2009-11-01-screen\/5.jpg\"\n               data-thumbnail=\"http:\/\/vtt.webiik.cz\/wp-content\/gallery\/cw-2009-11-01-screen\/thumbs\/thumbs_5.jpg\"\n               data-image-id=\"600\"\n               data-title=\"5\"\n               data-description=\"\"\n               data-image-slug=\"5\"\n               class=\"shutterset_f885752508d1cc81a69ee10eaa303c5e\">\n                <img\n                    title=\"5\"\n                    alt=\"5\"\n                    src=\"http:\/\/vtt.webiik.cz\/wp-content\/gallery\/cw-2009-11-01-screen\/thumbs\/thumbs_5.jpg\"\n                    width=\"100\"\n                    height=\"75\"\n                    style=\"max-width:100%;\"\n                \/>\n            <\/a>\n        <\/div>\n\t\t\t\t\t\t\t<\/div> \n\t\t\t\n        \n\t\t\n\t\t<!-- Pagination -->\n\t<div class='ngg-clear'><\/div>\t<\/div>\n\n","protected":false},"excerpt":{"rendered":"<p>Turnaj &#8211; CMC &#8211; Czech Maniacs Cup\u00a01. kolo V\u00fdsledek &#8211; VTT : Friends &#8211; 33 : 42 Syst\u00e9m &#8211; TA all vs all 6 min Tra\u0165 1 &#8211; 6 : 9 Tra\u0165 2 &#8211; 3 : 12 Tra\u0165 3 &#8211; 6 : 9 Tra\u0165 4 &#8211; 9 : 6 Tra\u0165 5 &#8211; 9 : 6 [&hellip;]<\/p>\n","protected":false},"author":1,"featured_media":0,"parent":0,"menu_order":0,"comment_status":"open","ping_status":"open","template":"","meta":{"ngg_post_thumbnail":0},"_links":{"self":[{"href":"http:\/\/vtt.webiik.cz\/index.php?rest_route=\/wp\/v2\/pages\/157"}],"collection":[{"href":"http:\/\/vtt.webiik.cz\/index.php?rest_route=\/wp\/v2\/pages"}],"about":[{"href":"http:\/\/vtt.webiik.cz\/index.php?rest_route=\/wp\/v2\/types\/page"}],"author":[{"embeddable":true,"href":"http:\/\/vtt.webiik.cz\/index.php?rest_route=\/wp\/v2\/users\/1"}],"replies":[{"embeddable":true,"href":"http:\/\/vtt.webiik.cz\/index.php?rest_route=%2Fwp%2Fv2%2Fcomments&post=157"}],"version-history":[{"count":7,"href":"http:\/\/vtt.webiik.cz\/index.php?rest_route=\/wp\/v2\/pages\/157\/revisions"}],"predecessor-version":[{"id":164,"href":"http:\/\/vtt.webiik.cz\/index.php?rest_route=\/wp\/v2\/pages\/157\/revisions\/164"}],"wp:attachment":[{"href":"http:\/\/vtt.webiik.cz\/index.php?rest_route=%2Fwp%2Fv2%2Fmedia&parent=157"}],"curies":[{"name":"wp","href":"https:\/\/api.w.org\/{rel}","templated":true}]}}