{"id":2,"date":"2009-10-22T14:04:13","date_gmt":"2009-10-22T12:04:13","guid":{"rendered":"http:\/\/ferdiik.ic.cz\/?page_id=2"},"modified":"2009-10-27T21:23:28","modified_gmt":"2009-10-27T19:23:28","slug":"neco-o-me","status":"publish","type":"page","link":"http:\/\/vtt.webiik.cz\/?page_id=2","title":{"rendered":"O n\u00e1s"},"content":{"rendered":"<p>VTT &#8211; Veteran tactic team<\/p>\n<p>Jsme skupinka bl\u00e1zn\u016f star\u0161\u00edch 30 let, kte\u0159\u00ed hraj\u00ed hru Trackmania<\/p>\n","protected":false},"excerpt":{"rendered":"<p>VTT &#8211; Veteran tactic team Jsme skupinka bl\u00e1zn\u016f star\u0161\u00edch 30 let, kte\u0159\u00ed hraj\u00ed hru Trackmania<\/p>\n","protected":false},"author":1,"featured_media":0,"parent":0,"menu_order":1,"comment_status":"closed","ping_status":"open","template":"","meta":{"ngg_post_thumbnail":0},"_links":{"self":[{"href":"http:\/\/vtt.webiik.cz\/index.php?rest_route=\/wp\/v2\/pages\/2"}],"collection":[{"href":"http:\/\/vtt.webiik.cz\/index.php?rest_route=\/wp\/v2\/pages"}],"about":[{"href":"http:\/\/vtt.webiik.cz\/index.php?rest_route=\/wp\/v2\/types\/page"}],"author":[{"embeddable":true,"href":"http:\/\/vtt.webiik.cz\/index.php?rest_route=\/wp\/v2\/users\/1"}],"replies":[{"embeddable":true,"href":"http:\/\/vtt.webiik.cz\/index.php?rest_route=%2Fwp%2Fv2%2Fcomments&post=2"}],"version-history":[{"count":4,"href":"http:\/\/vtt.webiik.cz\/index.php?rest_route=\/wp\/v2\/pages\/2\/revisions"}],"predecessor-version":[{"id":82,"href":"http:\/\/vtt.webiik.cz\/index.php?rest_route=\/wp\/v2\/pages\/2\/revisions\/82"}],"wp:attachment":[{"href":"http:\/\/vtt.webiik.cz\/index.php?rest_route=%2Fwp%2Fv2%2Fmedia&parent=2"}],"curies":[{"name":"wp","href":"https:\/\/api.w.org\/{rel}","templated":true}]}}