{"id":316,"date":"2009-12-14T07:05:53","date_gmt":"2009-12-14T06:05:53","guid":{"rendered":"http:\/\/vtt.tym.cz\/?page_id=316"},"modified":"2009-12-20T10:41:45","modified_gmt":"2009-12-20T09:41:45","slug":"cw-13-12-2009","status":"publish","type":"page","link":"http:\/\/vtt.webiik.cz\/?page_id=316","title":{"rendered":"CW 13. 12. 2009"},"content":{"rendered":"<p>Turnaj &#8211; <span id=\"rbcSystemIdentifierLogo\">CMC &#8211; Czech Maniacs Cup<\/span>\u00a07. kolo<\/p>\n<p>V\u00fdsledek &#8211;\u00a0VTT\u00a0&#8211;\u00a0Mafia\u00a0&#8211;<span style=\"color: #ff0000;\">\u00a0<span style=\"color: #00ff00;\">38 : 37<\/span><\/span><\/p>\n<p>Syst\u00e9m &#8211; TA all vs all 6 min<\/p>\n<p>Tra\u0165 1 &#8211;<span style=\"color: #ff0000;\"> <span style=\"color: #00ff00;\">8 : 7<\/span><\/span><br \/>\nTra\u0165 2 &#8211; <span style=\"color: #ff0000;\">6 : 9<\/span><br \/>\nTra\u0165 3 &#8211; <span style=\"color: #00ff00;\"><span style=\"color: #00ff00;\">8 : 7<\/span><br \/>\n<\/span>Tra\u0165 4 &#8211; <span style=\"color: #00ff00;\">8 : 7<\/span><br \/>\nTra\u0165 5 &#8211; <span style=\"color: #00ff00;\">8 : 7<\/span><\/p>\n<p>Jednotlivci:\u00a0\u00a0Janys &#8211; 24 Zdena &#8211; 14<\/p>\n<!-- index.php -->\n<div\n\tclass=\"ngg-galleryoverview ngg-ajax-pagination-none\"\n\tid=\"ngg-gallery-c9a62dc4d6c84cf1be62acff555dad4e-1\">\n\n    \t<div class=\"slideshowlink\">\n        <a href='http:\/\/vtt.webiik.cz\/index.php\/nggallery\/slideshow?page_id=316'>[Show as slideshow]<\/a>\n\t\t\n\t<\/div>\n\t\t\t<!-- Thumbnails -->\n\t\t\t\t<div id=\"ngg-image-0\" class=\"ngg-gallery-thumbnail-box\" >\n\t\t\t\t        <div class=\"ngg-gallery-thumbnail\">\n            <a href=\"http:\/\/vtt.webiik.cz\/wp-content\/gallery\/cw-2009-12-13-screen\/1.jpg\"\n               title=\"\"\n               data-src=\"http:\/\/vtt.webiik.cz\/wp-content\/gallery\/cw-2009-12-13-screen\/1.jpg\"\n               data-thumbnail=\"http:\/\/vtt.webiik.cz\/wp-content\/gallery\/cw-2009-12-13-screen\/thumbs\/thumbs_1.jpg\"\n               data-image-id=\"660\"\n               data-title=\"1\"\n               data-description=\"\"\n               data-image-slug=\"1-5\"\n               class=\"shutterset_c9a62dc4d6c84cf1be62acff555dad4e\">\n                <img\n                    title=\"1\"\n                    alt=\"1\"\n                    src=\"http:\/\/vtt.webiik.cz\/wp-content\/gallery\/cw-2009-12-13-screen\/thumbs\/thumbs_1.jpg\"\n                    width=\"100\"\n                    height=\"75\"\n                    style=\"max-width:100%;\"\n                \/>\n            <\/a>\n        <\/div>\n\t\t\t\t\t\t\t<\/div> \n\t\t\t\n        \n\t\t\t\t<div id=\"ngg-image-1\" class=\"ngg-gallery-thumbnail-box\" >\n\t\t\t\t        <div class=\"ngg-gallery-thumbnail\">\n            <a href=\"http:\/\/vtt.webiik.cz\/wp-content\/gallery\/cw-2009-12-13-screen\/2.jpg\"\n               title=\"\"\n               data-src=\"http:\/\/vtt.webiik.cz\/wp-content\/gallery\/cw-2009-12-13-screen\/2.jpg\"\n               data-thumbnail=\"http:\/\/vtt.webiik.cz\/wp-content\/gallery\/cw-2009-12-13-screen\/thumbs\/thumbs_2.jpg\"\n               data-image-id=\"661\"\n               data-title=\"2\"\n               data-description=\"\"\n               data-image-slug=\"2-5\"\n               class=\"shutterset_c9a62dc4d6c84cf1be62acff555dad4e\">\n                <img\n                    title=\"2\"\n                    alt=\"2\"\n                    src=\"http:\/\/vtt.webiik.cz\/wp-content\/gallery\/cw-2009-12-13-screen\/thumbs\/thumbs_2.jpg\"\n                    width=\"100\"\n                    height=\"75\"\n                    style=\"max-width:100%;\"\n                \/>\n            <\/a>\n        <\/div>\n\t\t\t\t\t\t\t<\/div> \n\t\t\t\n        \n\t\t\t\t<div id=\"ngg-image-2\" class=\"ngg-gallery-thumbnail-box\" >\n\t\t\t\t        <div class=\"ngg-gallery-thumbnail\">\n            <a href=\"http:\/\/vtt.webiik.cz\/wp-content\/gallery\/cw-2009-12-13-screen\/3.jpg\"\n               title=\"\"\n               data-src=\"http:\/\/vtt.webiik.cz\/wp-content\/gallery\/cw-2009-12-13-screen\/3.jpg\"\n               data-thumbnail=\"http:\/\/vtt.webiik.cz\/wp-content\/gallery\/cw-2009-12-13-screen\/thumbs\/thumbs_3.jpg\"\n               data-image-id=\"662\"\n               data-title=\"3\"\n               data-description=\"\"\n               data-image-slug=\"3-5\"\n               class=\"shutterset_c9a62dc4d6c84cf1be62acff555dad4e\">\n                <img\n                    title=\"3\"\n                    alt=\"3\"\n                    src=\"http:\/\/vtt.webiik.cz\/wp-content\/gallery\/cw-2009-12-13-screen\/thumbs\/thumbs_3.jpg\"\n                    width=\"100\"\n                    height=\"75\"\n                    style=\"max-width:100%;\"\n                \/>\n            <\/a>\n        <\/div>\n\t\t\t\t\t\t\t<\/div> \n\t\t\t\n        \n\t\t\t\t<div id=\"ngg-image-3\" class=\"ngg-gallery-thumbnail-box\" >\n\t\t\t\t        <div class=\"ngg-gallery-thumbnail\">\n            <a href=\"http:\/\/vtt.webiik.cz\/wp-content\/gallery\/cw-2009-12-13-screen\/4.jpg\"\n               title=\"\"\n               data-src=\"http:\/\/vtt.webiik.cz\/wp-content\/gallery\/cw-2009-12-13-screen\/4.jpg\"\n               data-thumbnail=\"http:\/\/vtt.webiik.cz\/wp-content\/gallery\/cw-2009-12-13-screen\/thumbs\/thumbs_4.jpg\"\n               data-image-id=\"663\"\n               data-title=\"4\"\n               data-description=\"\"\n               data-image-slug=\"4-5\"\n               class=\"shutterset_c9a62dc4d6c84cf1be62acff555dad4e\">\n                <img\n                    title=\"4\"\n                    alt=\"4\"\n                    src=\"http:\/\/vtt.webiik.cz\/wp-content\/gallery\/cw-2009-12-13-screen\/thumbs\/thumbs_4.jpg\"\n                    width=\"100\"\n                    height=\"75\"\n                    style=\"max-width:100%;\"\n                \/>\n            <\/a>\n        <\/div>\n\t\t\t\t\t\t\t<\/div> \n\t\t\t\n        \n\t\t\t\t<div id=\"ngg-image-4\" class=\"ngg-gallery-thumbnail-box\" >\n\t\t\t\t        <div class=\"ngg-gallery-thumbnail\">\n            <a href=\"http:\/\/vtt.webiik.cz\/wp-content\/gallery\/cw-2009-12-13-screen\/5.jpg\"\n               title=\"\"\n               data-src=\"http:\/\/vtt.webiik.cz\/wp-content\/gallery\/cw-2009-12-13-screen\/5.jpg\"\n               data-thumbnail=\"http:\/\/vtt.webiik.cz\/wp-content\/gallery\/cw-2009-12-13-screen\/thumbs\/thumbs_5.jpg\"\n               data-image-id=\"664\"\n               data-title=\"5\"\n               data-description=\"\"\n               data-image-slug=\"5-5\"\n               class=\"shutterset_c9a62dc4d6c84cf1be62acff555dad4e\">\n                <img\n                    title=\"5\"\n                    alt=\"5\"\n                    src=\"http:\/\/vtt.webiik.cz\/wp-content\/gallery\/cw-2009-12-13-screen\/thumbs\/thumbs_5.jpg\"\n                    width=\"100\"\n                    height=\"75\"\n                    style=\"max-width:100%;\"\n                \/>\n            <\/a>\n        <\/div>\n\t\t\t\t\t\t\t<\/div> \n\t\t\t\n        \n\t\t\n\t\t<!-- Pagination -->\n\t<div class='ngg-clear'><\/div>\t<\/div>\n\n","protected":false},"excerpt":{"rendered":"<p>Turnaj &#8211; CMC &#8211; Czech Maniacs Cup\u00a07. kolo V\u00fdsledek &#8211;\u00a0VTT\u00a0&#8211;\u00a0Mafia\u00a0&#8211;\u00a038 : 37 Syst\u00e9m &#8211; TA all vs all 6 min Tra\u0165 1 &#8211; 8 : 7 Tra\u0165 2 &#8211; 6 : 9 Tra\u0165 3 &#8211; 8 : 7 Tra\u0165 4 &#8211; 8 : 7 Tra\u0165 5 &#8211; 8 : 7 Jednotlivci:\u00a0\u00a0Janys &#8211; 24 Zdena &#8211; [&hellip;]<\/p>\n","protected":false},"author":1,"featured_media":0,"parent":0,"menu_order":0,"comment_status":"open","ping_status":"open","template":"","meta":{"ngg_post_thumbnail":0},"_links":{"self":[{"href":"http:\/\/vtt.webiik.cz\/index.php?rest_route=\/wp\/v2\/pages\/316"}],"collection":[{"href":"http:\/\/vtt.webiik.cz\/index.php?rest_route=\/wp\/v2\/pages"}],"about":[{"href":"http:\/\/vtt.webiik.cz\/index.php?rest_route=\/wp\/v2\/types\/page"}],"author":[{"embeddable":true,"href":"http:\/\/vtt.webiik.cz\/index.php?rest_route=\/wp\/v2\/users\/1"}],"replies":[{"embeddable":true,"href":"http:\/\/vtt.webiik.cz\/index.php?rest_route=%2Fwp%2Fv2%2Fcomments&post=316"}],"version-history":[{"count":3,"href":"http:\/\/vtt.webiik.cz\/index.php?rest_route=\/wp\/v2\/pages\/316\/revisions"}],"predecessor-version":[{"id":318,"href":"http:\/\/vtt.webiik.cz\/index.php?rest_route=\/wp\/v2\/pages\/316\/revisions\/318"}],"wp:attachment":[{"href":"http:\/\/vtt.webiik.cz\/index.php?rest_route=%2Fwp%2Fv2%2Fmedia&parent=316"}],"curies":[{"name":"wp","href":"https:\/\/api.w.org\/{rel}","templated":true}]}}