{"id":348,"date":"2010-01-25T10:34:03","date_gmt":"2010-01-25T09:34:03","guid":{"rendered":"http:\/\/vtt.tym.cz\/?page_id=348"},"modified":"2010-01-25T10:34:03","modified_gmt":"2010-01-25T09:34:03","slug":"cw-17-01-2010","status":"publish","type":"page","link":"http:\/\/vtt.webiik.cz\/?page_id=348","title":{"rendered":"CW 17. 01. 2010"},"content":{"rendered":"<p>P\u0159\u00e1tel\u00e1k<\/p>\n<p>V\u00fdsledek &#8211; VTT &#8211; eVolution &#8211;<span style=\"color: #ff0000;\">12 : 78<\/span><\/p>\n<p>Syst\u00e9m &#8211; TA all vs all 6 min<\/p>\n<p>Tra\u0165 1 &#8211; <span style=\"color: #ff0000;\">0 : 15<\/span><br \/>\nTra\u0165 2 &#8211; <span style=\"color: #ff0000;\">0 : 15<\/span><br \/>\nTra\u0165 3 &#8211; <span style=\"color: #ff0000;\">2 : 13<\/span><br \/>\nTra\u0165 4 &#8211; <span style=\"color: #ff0000;\">5 : 10<\/span><br \/>\nTra\u0165 5 &#8211; <span style=\"color: #ff0000;\">1 : 14<\/span><br \/>\nTra\u0165 6 &#8211; <span style=\"color: #ff0000;\">4 : 11<\/span><\/p>\n<p>Jednotlivci: Rum74-6; Pajja-6<\/p>\n<!-- index.php -->\n<div\n\tclass=\"ngg-galleryoverview ngg-ajax-pagination-none\"\n\tid=\"ngg-gallery-a0e856831694a49cd3639181285c20a6-1\">\n\n    \t<div class=\"slideshowlink\">\n        <a href='http:\/\/vtt.webiik.cz\/index.php\/nggallery\/slideshow?page_id=348'>[Show as slideshow]<\/a>\n\t\t\n\t<\/div>\n\t\t\t<!-- Thumbnails -->\n\t\t\t\t<div id=\"ngg-image-0\" class=\"ngg-gallery-thumbnail-box\" >\n\t\t\t\t        <div class=\"ngg-gallery-thumbnail\">\n            <a href=\"http:\/\/vtt.webiik.cz\/wp-content\/gallery\/cw-2010-01-17-screen\/1.jpg\"\n               title=\"\"\n               data-src=\"http:\/\/vtt.webiik.cz\/wp-content\/gallery\/cw-2010-01-17-screen\/1.jpg\"\n               data-thumbnail=\"http:\/\/vtt.webiik.cz\/wp-content\/gallery\/cw-2010-01-17-screen\/thumbs\/thumbs_1.jpg\"\n               data-image-id=\"670\"\n               data-title=\"1\"\n               data-description=\"\"\n               data-image-slug=\"1-7\"\n               class=\"shutterset_a0e856831694a49cd3639181285c20a6\">\n                <img\n                    title=\"1\"\n                    alt=\"1\"\n                    src=\"http:\/\/vtt.webiik.cz\/wp-content\/gallery\/cw-2010-01-17-screen\/thumbs\/thumbs_1.jpg\"\n                    width=\"100\"\n                    height=\"75\"\n                    style=\"max-width:100%;\"\n                \/>\n            <\/a>\n        <\/div>\n\t\t\t\t\t\t\t<\/div> \n\t\t\t\n        \n\t\t\t\t<div id=\"ngg-image-1\" class=\"ngg-gallery-thumbnail-box\" >\n\t\t\t\t        <div class=\"ngg-gallery-thumbnail\">\n            <a href=\"http:\/\/vtt.webiik.cz\/wp-content\/gallery\/cw-2010-01-17-screen\/2.jpg\"\n               title=\"\"\n               data-src=\"http:\/\/vtt.webiik.cz\/wp-content\/gallery\/cw-2010-01-17-screen\/2.jpg\"\n               data-thumbnail=\"http:\/\/vtt.webiik.cz\/wp-content\/gallery\/cw-2010-01-17-screen\/thumbs\/thumbs_2.jpg\"\n               data-image-id=\"671\"\n               data-title=\"2\"\n               data-description=\"\"\n               data-image-slug=\"2-7\"\n               class=\"shutterset_a0e856831694a49cd3639181285c20a6\">\n                <img\n                    title=\"2\"\n                    alt=\"2\"\n                    src=\"http:\/\/vtt.webiik.cz\/wp-content\/gallery\/cw-2010-01-17-screen\/thumbs\/thumbs_2.jpg\"\n                    width=\"100\"\n                    height=\"75\"\n                    style=\"max-width:100%;\"\n                \/>\n            <\/a>\n        <\/div>\n\t\t\t\t\t\t\t<\/div> \n\t\t\t\n        \n\t\t\t\t<div id=\"ngg-image-2\" class=\"ngg-gallery-thumbnail-box\" >\n\t\t\t\t        <div class=\"ngg-gallery-thumbnail\">\n            <a href=\"http:\/\/vtt.webiik.cz\/wp-content\/gallery\/cw-2010-01-17-screen\/3.jpg\"\n               title=\"\"\n               data-src=\"http:\/\/vtt.webiik.cz\/wp-content\/gallery\/cw-2010-01-17-screen\/3.jpg\"\n               data-thumbnail=\"http:\/\/vtt.webiik.cz\/wp-content\/gallery\/cw-2010-01-17-screen\/thumbs\/thumbs_3.jpg\"\n               data-image-id=\"672\"\n               data-title=\"3\"\n               data-description=\"\"\n               data-image-slug=\"3-7\"\n               class=\"shutterset_a0e856831694a49cd3639181285c20a6\">\n                <img\n                    title=\"3\"\n                    alt=\"3\"\n                    src=\"http:\/\/vtt.webiik.cz\/wp-content\/gallery\/cw-2010-01-17-screen\/thumbs\/thumbs_3.jpg\"\n                    width=\"100\"\n                    height=\"75\"\n                    style=\"max-width:100%;\"\n                \/>\n            <\/a>\n        <\/div>\n\t\t\t\t\t\t\t<\/div> \n\t\t\t\n        \n\t\t\t\t<div id=\"ngg-image-3\" class=\"ngg-gallery-thumbnail-box\" >\n\t\t\t\t        <div class=\"ngg-gallery-thumbnail\">\n            <a href=\"http:\/\/vtt.webiik.cz\/wp-content\/gallery\/cw-2010-01-17-screen\/4.jpg\"\n               title=\"\"\n               data-src=\"http:\/\/vtt.webiik.cz\/wp-content\/gallery\/cw-2010-01-17-screen\/4.jpg\"\n               data-thumbnail=\"http:\/\/vtt.webiik.cz\/wp-content\/gallery\/cw-2010-01-17-screen\/thumbs\/thumbs_4.jpg\"\n               data-image-id=\"673\"\n               data-title=\"4\"\n               data-description=\"\"\n               data-image-slug=\"4-7\"\n               class=\"shutterset_a0e856831694a49cd3639181285c20a6\">\n                <img\n                    title=\"4\"\n                    alt=\"4\"\n                    src=\"http:\/\/vtt.webiik.cz\/wp-content\/gallery\/cw-2010-01-17-screen\/thumbs\/thumbs_4.jpg\"\n                    width=\"100\"\n                    height=\"75\"\n                    style=\"max-width:100%;\"\n                \/>\n            <\/a>\n        <\/div>\n\t\t\t\t\t\t\t<\/div> \n\t\t\t\n        \n\t\t\t\t<div id=\"ngg-image-4\" class=\"ngg-gallery-thumbnail-box\" >\n\t\t\t\t        <div class=\"ngg-gallery-thumbnail\">\n            <a href=\"http:\/\/vtt.webiik.cz\/wp-content\/gallery\/cw-2010-01-17-screen\/5.jpg\"\n               title=\"\"\n               data-src=\"http:\/\/vtt.webiik.cz\/wp-content\/gallery\/cw-2010-01-17-screen\/5.jpg\"\n               data-thumbnail=\"http:\/\/vtt.webiik.cz\/wp-content\/gallery\/cw-2010-01-17-screen\/thumbs\/thumbs_5.jpg\"\n               data-image-id=\"674\"\n               data-title=\"5\"\n               data-description=\"\"\n               data-image-slug=\"5-7\"\n               class=\"shutterset_a0e856831694a49cd3639181285c20a6\">\n                <img\n                    title=\"5\"\n                    alt=\"5\"\n                    src=\"http:\/\/vtt.webiik.cz\/wp-content\/gallery\/cw-2010-01-17-screen\/thumbs\/thumbs_5.jpg\"\n                    width=\"100\"\n                    height=\"75\"\n                    style=\"max-width:100%;\"\n                \/>\n            <\/a>\n        <\/div>\n\t\t\t\t\t\t\t<\/div> \n\t\t\t\n        \n\t\t\t\t<div id=\"ngg-image-5\" class=\"ngg-gallery-thumbnail-box\" >\n\t\t\t\t        <div class=\"ngg-gallery-thumbnail\">\n            <a href=\"http:\/\/vtt.webiik.cz\/wp-content\/gallery\/cw-2010-01-17-screen\/6.jpg\"\n               title=\"\"\n               data-src=\"http:\/\/vtt.webiik.cz\/wp-content\/gallery\/cw-2010-01-17-screen\/6.jpg\"\n               data-thumbnail=\"http:\/\/vtt.webiik.cz\/wp-content\/gallery\/cw-2010-01-17-screen\/thumbs\/thumbs_6.jpg\"\n               data-image-id=\"675\"\n               data-title=\"6\"\n               data-description=\"\"\n               data-image-slug=\"6\"\n               class=\"shutterset_a0e856831694a49cd3639181285c20a6\">\n                <img\n                    title=\"6\"\n                    alt=\"6\"\n                    src=\"http:\/\/vtt.webiik.cz\/wp-content\/gallery\/cw-2010-01-17-screen\/thumbs\/thumbs_6.jpg\"\n                    width=\"100\"\n                    height=\"75\"\n                    style=\"max-width:100%;\"\n                \/>\n            <\/a>\n        <\/div>\n\t\t\t\t\t\t\t<\/div> \n\t\t\t\n        \n\t\t\n\t\t<!-- Pagination -->\n\t<div class='ngg-clear'><\/div>\t<\/div>\n\n","protected":false},"excerpt":{"rendered":"<p>P\u0159\u00e1tel\u00e1k V\u00fdsledek &#8211; VTT &#8211; eVolution &#8211;12 : 78 Syst\u00e9m &#8211; TA all vs all 6 min Tra\u0165 1 &#8211; 0 : 15 Tra\u0165 2 &#8211; 0 : 15 Tra\u0165 3 &#8211; 2 : 13 Tra\u0165 4 &#8211; 5 : 10 Tra\u0165 5 &#8211; 1 : 14 Tra\u0165 6 &#8211; 4 : 11 Jednotlivci: Rum74-6; [&hellip;]<\/p>\n","protected":false},"author":1,"featured_media":0,"parent":0,"menu_order":0,"comment_status":"open","ping_status":"open","template":"","meta":{"ngg_post_thumbnail":0},"_links":{"self":[{"href":"http:\/\/vtt.webiik.cz\/index.php?rest_route=\/wp\/v2\/pages\/348"}],"collection":[{"href":"http:\/\/vtt.webiik.cz\/index.php?rest_route=\/wp\/v2\/pages"}],"about":[{"href":"http:\/\/vtt.webiik.cz\/index.php?rest_route=\/wp\/v2\/types\/page"}],"author":[{"embeddable":true,"href":"http:\/\/vtt.webiik.cz\/index.php?rest_route=\/wp\/v2\/users\/1"}],"replies":[{"embeddable":true,"href":"http:\/\/vtt.webiik.cz\/index.php?rest_route=%2Fwp%2Fv2%2Fcomments&post=348"}],"version-history":[{"count":2,"href":"http:\/\/vtt.webiik.cz\/index.php?rest_route=\/wp\/v2\/pages\/348\/revisions"}],"predecessor-version":[{"id":352,"href":"http:\/\/vtt.webiik.cz\/index.php?rest_route=\/wp\/v2\/pages\/348\/revisions\/352"}],"wp:attachment":[{"href":"http:\/\/vtt.webiik.cz\/index.php?rest_route=%2Fwp%2Fv2%2Fmedia&parent=348"}],"curies":[{"name":"wp","href":"https:\/\/api.w.org\/{rel}","templated":true}]}}