{"id":762,"date":"2011-01-28T23:00:18","date_gmt":"2011-01-28T22:00:18","guid":{"rendered":"http:\/\/vtt.webiik.cz\/?page_id=762"},"modified":"2011-05-23T08:51:53","modified_gmt":"2011-05-23T06:51:53","slug":"sraz-2011","status":"publish","type":"page","link":"http:\/\/vtt.webiik.cz\/?page_id=762","title":{"rendered":"Sraz VTT 2011"},"content":{"rendered":"<h2 style=\"text-align: center;\"><strong>Sraz VTT 2011<\/strong><\/h2>\n<p style=\"text-align: center;\"><strong>20. &#8211; 22. 05. 2011<\/strong><\/p>\n<p style=\"text-align: center;\"><span style=\"color: #0000ff;\"><strong>\u00da\u010dast potvrdili:<\/strong><\/span><\/p>\n<p style=\"text-align: center;\"><span style=\"color: #0000ff;\"><strong>Ferdiik, Beru\u0161ka, Medabeda a Ada<br \/>\nPijan<br \/>\n<\/strong><strong>Paul<br \/>\nBOSS (p\u00e1tek, v sobotu odj\u00ed\u017ed\u00ed) <\/strong><\/span><\/p>\n<p style=\"text-align: center;\">\u00a0<\/p>\n<p style=\"text-align: center;\"><strong>Chalupy vyso\u010dina<\/strong><\/p>\n<p style=\"text-align: center;\"><strong>J\u00e1my 78, \u017d\u010f\u00e1r nad S\u00e1zavou<\/strong><\/p>\n<p style=\"text-align: center;\">GPS:\u00a0<strong><a href=\"http:\/\/www.mapy.cz\/#mm=TtTcFP@sa=s@st=s@ssq=Loc%3A%2049%C2%B031'53.848%22N%2C%2016%C2%B00'21.999%22E%20@sss=1@ssp=136720928_133979032_136740512_133993792@x=136729680@y=133985375@z=16\" target=\"_blank\">49\u00b031\u203253.85\u2033N 16\u00b000\u203222.00\u2033E<\/a><\/strong><\/p>\n<p style=\"text-align: center;\"><strong>\u00a0<\/strong><\/p>\n<p style=\"text-align: center;\"><strong>\u00a0<\/strong><\/p>\n<p style=\"text-align: center;\"><strong>\u00a0<\/strong><\/p>\n<p style=\"text-align: center;\"><strong>\u00a0<\/strong><\/p>\n<p style=\"text-align: center;\"><a href=\"http:\/\/www.chalupa-jamy.cz\/\" target=\"_blank\"><strong>www.chalupa-jamy.cz<\/strong><\/a><\/p>\n<p style=\"text-align: center;\"><strong>            \n\t\t<div class=\"ngg-gallery-singlepic-image ngg-center\" style=\"max-width: 320px\">\n\t\t\t    \t<a href=\"http:\/\/vtt.webiik.cz\/wp-content\/gallery\/obrazky\/1.jpg\"\n\t\t     title=\"\"\n             data-src=\"http:\/\/vtt.webiik.cz\/wp-content\/gallery\/obrazky\/1.jpg\"\n             data-thumbnail=\"http:\/\/vtt.webiik.cz\/wp-content\/gallery\/obrazky\/thumbs\/thumbs_1.jpg\"\n             data-image-id=\"790\"\n             data-title=\"1\"\n             data-description=\"\"\n             target='_self'\n             class=\"shutterset_5a38ec6a6d58b4efe05aed8288d678aa\">\n            <img class=\"ngg-singlepic\"\n             src=\"http:\/\/vtt.webiik.cz\/wp-content\/gallery\/obrazky\/cache\/1.jpg-nggid03790-ngg0dyn-320x240x100-00f0w010c010r110f110r010t010.jpg\"\n             alt=\"1\"\n             title=\"1\"\n              width=\"320\"               \/>\n    \t<\/a>\n\t\t      <\/div>\n        <\/strong><\/p>\n<p style=\"text-align: center;\"><strong>            \n\t\t<div class=\"ngg-gallery-singlepic-image ngg-center\" style=\"max-width: 320px\">\n\t\t\t    \t<a href=\"http:\/\/vtt.webiik.cz\/wp-content\/gallery\/obrazky\/2.jpg\"\n\t\t     title=\"\"\n             data-src=\"http:\/\/vtt.webiik.cz\/wp-content\/gallery\/obrazky\/2.jpg\"\n             data-thumbnail=\"http:\/\/vtt.webiik.cz\/wp-content\/gallery\/obrazky\/thumbs\/thumbs_2.jpg\"\n             data-image-id=\"791\"\n             data-title=\"2\"\n             data-description=\"\"\n             target='_self'\n             class=\"shutterset_a61128bca58ead4e26ee192adca8f3db\">\n            <img class=\"ngg-singlepic\"\n             src=\"http:\/\/vtt.webiik.cz\/wp-content\/gallery\/obrazky\/cache\/2.jpg-nggid03791-ngg0dyn-320x240x100-00f0w010c010r110f110r010t010.jpg\"\n             alt=\"2\"\n             title=\"2\"\n              width=\"320\"               \/>\n    \t<\/a>\n\t\t      <\/div>\n        <\/strong><\/p>\n<p style=\"text-align: center;\">\u00a0<\/p>\n<p style=\"text-align: center;\"><strong>Ubytov\u00e1n\u00ed: Dv\u011b chalupy s\u00a0kapacitou 8 a 12 osob<\/strong><\/p>\n<p style=\"text-align: center;\"><strong>Cena: 100,-\/osoba\/noc<\/strong><\/p>\n<p style=\"text-align: center;\"><strong>Je to a\u017e neuv\u011b\u0159iteln\u00e9, ale stejn\u011b jako vloni jsme se trefili na p\u0159esn\u011b stejn\u00e9 m\u00edsto a stejn\u00fd term\u00edn s THC, tak\u017ee se op\u011bt potk\u00e1me na spole\u010dn\u00e9m srazu.<\/strong><\/p>\n<p style=\"text-align: center;\"><strong>Koment\u00e1\u0159e uzav\u0159eny<\/strong><\/p>\n<p style=\"text-align: center;\"><strong><br \/>\n<\/strong><\/p>\n<p><strong>\u00a0<\/strong><\/p>\n<div><span style=\"font-family: Arial, sans-serif; line-height: normal; border-collapse: collapse; font-size: 12px;\"><br \/>\n<\/span><\/div>\n<div><span style=\"font-family: Arial, sans-serif; line-height: normal; border-collapse: collapse; font-size: 12px;\"><br \/>\n<\/span><\/div>\n","protected":false},"excerpt":{"rendered":"<p>Sraz VTT 2011 20. &#8211; 22. 05. 2011 \u00da\u010dast potvrdili: Ferdiik, Beru\u0161ka, Medabeda a Ada Pijan Paul BOSS (p\u00e1tek, v sobotu odj\u00ed\u017ed\u00ed) \u00a0 Chalupy vyso\u010dina J\u00e1my 78, \u017d\u010f\u00e1r nad S\u00e1zavou GPS:\u00a049\u00b031\u203253.85\u2033N 16\u00b000\u203222.00\u2033E \u00a0 \u00a0 \u00a0 \u00a0 www.chalupa-jamy.cz \u00a0 Ubytov\u00e1n\u00ed: Dv\u011b chalupy s\u00a0kapacitou 8 a 12 osob Cena: 100,-\/osoba\/noc Je to a\u017e neuv\u011b\u0159iteln\u00e9, ale stejn\u011b jako [&hellip;]<\/p>\n","protected":false},"author":1,"featured_media":0,"parent":0,"menu_order":0,"comment_status":"closed","ping_status":"open","template":"","meta":{"ngg_post_thumbnail":0},"_links":{"self":[{"href":"http:\/\/vtt.webiik.cz\/index.php?rest_route=\/wp\/v2\/pages\/762"}],"collection":[{"href":"http:\/\/vtt.webiik.cz\/index.php?rest_route=\/wp\/v2\/pages"}],"about":[{"href":"http:\/\/vtt.webiik.cz\/index.php?rest_route=\/wp\/v2\/types\/page"}],"author":[{"embeddable":true,"href":"http:\/\/vtt.webiik.cz\/index.php?rest_route=\/wp\/v2\/users\/1"}],"replies":[{"embeddable":true,"href":"http:\/\/vtt.webiik.cz\/index.php?rest_route=%2Fwp%2Fv2%2Fcomments&post=762"}],"version-history":[{"count":20,"href":"http:\/\/vtt.webiik.cz\/index.php?rest_route=\/wp\/v2\/pages\/762\/revisions"}],"predecessor-version":[{"id":858,"href":"http:\/\/vtt.webiik.cz\/index.php?rest_route=\/wp\/v2\/pages\/762\/revisions\/858"}],"wp:attachment":[{"href":"http:\/\/vtt.webiik.cz\/index.php?rest_route=%2Fwp%2Fv2%2Fmedia&parent=762"}],"curies":[{"name":"wp","href":"https:\/\/api.w.org\/{rel}","templated":true}]}}